{"id":781,"date":"2021-02-11T10:40:37","date_gmt":"2021-02-11T02:40:37","guid":{"rendered":"http:\/\/qat-nus.nus.edu.sg\/nusbulletin\/ay202021\/?page_id=781"},"modified":"2025-07-25T15:30:06","modified_gmt":"2025-07-25T07:30:06","slug":"double-degree-programmes","status":"publish","type":"page","link":"https:\/\/www.nus.edu.sg\/nusbulletin\/ay202021\/programmes\/double-degree-programmes\/","title":{"rendered":"Double Degree Programmes"},"content":{"rendered":"\n<h2>\n\t\t\tDouble Degree Programmes\t<\/h2>\n\t\t\t\t\t<a href=\"#\"  id=\"fl-accordion--label-0\" tabindex=\"0\" aria-controls=\"fl-accordion--panel-0\">Within NUS<\/a>\n\t\t\t\t\t\t\t\t\t\t\t<a href=\"#\" id=\"fl-accordion--icon-0\"  tabindex=\"0\"><i title=\"Expand\">Expand<\/i><\/a>\n\t\t\t\t\t<p>NUS Double Degree Programmes (DDPs) allow students to graduate with two different degrees in two disciplines from the same Faculty\/School or two different Faculties\/Schools within NUS. A Double Degree allows some modules taken to be double counted towards the requirements of both degrees, thus enabling the student to complete the two degrees in a shorter period than it would take to complete both degrees separately.<\/p>\n<p>In general, an undergraduate student in a DDP graduating with double Honours will require about five years of study, fulfilling at least 200 modular credits (MCs) to graduate. A student in a DDP with Honours in one discipline and a general degree in the other will require about four-and-a-half-years of study, fulfilling at least 180 MCs to graduate.<\/p>\n<p>Faculties\/Schools have identified certain prohibited combinations for student-initiated DDPs. Hence, when putting together their own Double Degree combinations, students should always verify permissible combinations with their Home Faculties\/Schools before embarking on one.<\/p>\n<p>For more information on the DDP framework and guidelines, please click\u00a0<a href=\"http:\/\/www.nus.edu.sg\/registrar\/academic-information-policies\/undergraduate-students\/special-programmes\/double-degree-programmes\/double-degree-programme-framework-and-guidelines\">here<\/a>.<\/p>\n<p>There are also specially designed DDPs developed by Faculties\/Schools. These are:<\/p>\n<ul>\n<li><a href=\"http:\/\/nus.edu.sg\/prog\/bzabba\/\" target=\"_blank\" rel=\"noopener\">Business Administration\/ Business Administration (Accountancy) and Business Analytics<\/a><\/li>\n<li><a href=\"http:\/\/nus.edu.sg\/prog\/bizcnm\/\" target=\"_blank\" rel=\"noopener\">Business Administration\/Business Administration (Accountancy) &amp; Communications and New Media<\/a><\/li>\n<li><a href=\"http:\/\/nus.edu.sg\/prog\/bizsoc\/\" target=\"_blank\" rel=\"noopener\">Business Administration\/Business Administration (Accountancy) and Computer Science\/Information Systems<\/a><\/li>\n<li><a href=\"https:\/\/cde.nus.edu.sg\/undergraduate\/programmes\/double-degree-programme-in-engineering-business-administration\/\" target=\"_blank\" rel=\"noopener\">Business Administration\/Business Administration (Accountancy) &amp; Engineering<\/a><\/li>\n<li><a href=\"http:\/\/www.nus.edu.sg\/prog\/bbalaw\/index.html\" target=\"_blank\" rel=\"noopener\">Businsess Administration\/Business Administration (Accountancy) &amp; Law<\/a><\/li>\n<li><a href=\"https:\/\/lkyspp.nus.edu.sg\/graduate-admissions\/global-experience\/double-degrees-and-exchanges\" target=\"_blank\" rel=\"noopener\">Master of Business Administration &#8211; Master in Public Policy (with Lee Kuan Yew School of Public Policy)<\/a><\/li>\n<li><a href=\"https:\/\/lkyspp.nus.edu.sg\/graduate-admissions\/global-experience\/double-degrees-and-exchanges\" target=\"_blank\" rel=\"noopener\">Master of Business Administration &#8211; Master in Public Administration (with Lee Kuan Yew School of Public Policy)<\/a><\/li>\n<li><a href=\"https:\/\/www.sde.nus.edu.sg\/rst\/graduate\/nus-mba-mre-ddp\/about-mba-mre\/\" target=\"_blank\" rel=\"noopener\">Master of Business Administration &#8211; Master of Science, Real Estate (MRE)<\/a><\/li>\n<li><a href=\"https:\/\/mba.nus.edu.sg\/en-SG\/academics\/double-degrees-programmes\/\" target=\"_blank\" rel=\"noopener\">PhD-Master of Business Administration (with NUS Graduate School for Integrative Sciences and Engineering)<\/a><\/li>\n<li><a href=\"https:\/\/www.comp.nus.edu.sg\/cugresource\/per-cohort\/ddp-cs-maths\/ddp-cs-maths-structure\/\" target=\"_blank\" rel=\"noopener\">Computer Science and Mathematics\/Applied Mathematics<\/a><\/li>\n<li><a href=\"http:\/\/www.nus.edu.sg\/prog\/bizecon\/\" target=\"_blank\" rel=\"noopener\">Economics and Business Administration \/ Business Administration (Accountancy)<\/a><\/li>\n<li><a href=\"https:\/\/www.comp.nus.edu.sg\/cugresource\/per-cohort\/ddp-ba-econs\/ddp-ba-econs-structure\/\" target=\"_blank\" rel=\"noopener\">Economics and Business Analytics<\/a><\/li>\n<li><a href=\"http:\/\/www.nus.edu.sg\/prog\/econlaw\/overview.html\" target=\"_blank\" rel=\"noopener\">Economics &amp; Law<\/a><\/li>\n<li><a href=\"https:\/\/www.comp.nus.edu.sg\/cugresource\/per-cohort\/ddp-is-econs\/ddp-is-econs-structure\/\" target=\"_blank\" rel=\"noopener\">Economics and Information Systems<\/a><\/li>\n<li><a href=\"https:\/\/cde.nus.edu.sg\/undergraduate\/programmes\/double-degree-programme-in-engineering-economics\/\" target=\"_blank\" rel=\"noopener\">Engineering &amp; Economics<\/a><\/li>\n<li><a href=\"http:\/\/www.nus.edu.sg\/prog\/lawlifesciences\/overview.htm\" target=\"_blank\" rel=\"noopener\">Law &amp; Life Sciences<\/a><\/li>\n<li><a href=\"http:\/\/nus.edu.sg\/prog\/lawspp\/llmmppmpa\/overview.htm\" target=\"_blank\" rel=\"noopener\">Master of Laws and Master in Public Administration\/Master in Public Policy<\/a><\/li>\n<li><a href=\"http:\/\/www.nus.edu.sg\/prog\/yale_nus_ba_llb\/overview.html\" target=\"_blank\" rel=\"noopener\">Yale-NUS College and Law<\/a><\/li>\n<\/ul>\n\t\t\t\t\t<a href=\"#\"  id=\"fl-accordion--label-1\" tabindex=\"0\" aria-controls=\"fl-accordion--panel-1\">With Partner Universities<\/a>\n\t\t\t\t\t\t\t\t\t\t\t<a href=\"#\" id=\"fl-accordion--icon-1\"  tabindex=\"0\"><i title=\"Expand\">Expand<\/i><\/a>\n\t\t\t\t\t<p>The following is a list of available DDPs with Partner Universities:<\/p>\n<p><strong>DDP with premier French Grandes Ecoles<\/strong><\/p>\n<ul>\n<li><a href=\"https:\/\/fddp.nus.edu.sg\/index.html\" target=\"_blank\" rel=\"noopener\">Bachelor\/Master of Engineering or Bachelor\/Master of Science or Bachelor\/Master of Computing from NUS and Dipl\u00f4me d&#8217;Ing\u00e9nieur from French Grande \u00c9cole (the equivalent of Masters in France)<\/a><\/li>\n<\/ul>\n<p><strong>DDP with Sciences Po<\/strong><\/p>\n<ul>\n<li><a href=\"http:\/\/www.usp.nus.edu.sg\/nus-sciencespo\/\" target=\"_blank\" rel=\"noopener\">Bachelor with Honours Degree from NUS and Bachelor of Arts from Sciences Po<\/a><br \/>\n(for students in the University Scholars Programme)<\/li>\n<\/ul>\n<p><strong>DDP with Waseda University<\/strong><\/p>\n<ul>\n<li><a href=\"http:\/\/www.usp.nus.edu.sg\/curriculum\/special-programmes\/nus-waseda-double-degree-programme\" target=\"_blank\" rel=\"noopener\">Bachelor with Honours Degree from NUS and Bachelor of Arts in International Liberal Studies from Waseda University<\/a><br \/>\n(for students in the University Scholars Programme)<\/li>\n<\/ul>\n<p><strong>DDP with Peking University<\/strong><\/p>\n<ul>\n<li><a href=\"https:\/\/mba.nus.edu.sg\/en-SG\/academics\/double-degrees-programmes\/\" target=\"_blank\" rel=\"noopener\">The NUS &#8211; Peking University Double Degree Master of Business Administration<\/a><\/li>\n<li><a href=\"http:\/\/www.fas.nus.edu.sg\/chs\/eng\/admission\/double_degree_master_arts.html\" target=\"_blank\" rel=\"noopener\">Master of Arts by Research in Chinese Language<\/a><\/li>\n<li>Master of Science (by Research), NUS and Master in Environmental Engineering, Peking University (School of Environment &amp; Energy)<\/li>\n<li><a href=\"https:\/\/lkyspp.nus.edu.sg\/graduate-programmes\/master-in-public-policy-mpp\/overview\" target=\"_blank\" rel=\"noopener\">Master in Public Policy, NUS and Master of Public Administration, Peking University<\/a><\/li>\n<\/ul>\n<p><strong>DDP with HEC Paris<\/strong><\/p>\n<ul>\n<li><a href=\"https:\/\/mba.nus.edu.sg\/en-SG\/academics\/double-degrees-programmes\/\" target=\"_blank\" rel=\"noopener\">The NUS &#8211; HEC Paris Double Degree Master of Business Administration<\/a><\/li>\n<\/ul>\n<p><strong>DDP with Fudan University School of Management and Korea University Business School<\/strong><\/p>\n<ul>\n<li><a href=\"https:\/\/www.s3-asiamba.com\/index.html\" target=\"_blank\" rel=\"noopener\">S3 Asia MBA<\/a><\/li>\n<\/ul>\n<p><strong>DDP with Yale School of Management<\/strong><\/p>\n<ul>\n<li><a href=\"https:\/\/mba.nus.edu.sg\/en-SG\/academics\/double-degrees-programmes\/\" target=\"_blank\" rel=\"noopener\">The NUS Master of Business Administration &#8211; Master of Advanced Management Double Degree (with Yale School of Management)<\/a><\/li>\n<\/ul>\n<p><strong>DDP with UCLA<\/strong><\/p>\n<ul>\n<li><a href=\"https:\/\/ucla.nus.edu.sg\/\" target=\"_blank\" rel=\"noopener\">UCLA &#8211; NUS Executive MBA<\/a><\/li>\n<\/ul>\n<p><strong>DDP with <\/strong><strong>Global Alliance in Management Education (<\/strong><strong>CEMS)<\/strong><\/p>\n<ul>\n<li><a href=\"https:\/\/mim.nus.edu.sg\/cems-mim\/\" target=\"_blank\" rel=\"noopener\">Master of Science (Management) with CEMS Master&#8217;s in International Management Double Degree<\/a><\/li>\n<li><a href=\"https:\/\/mscmarketing.nus.edu.sg\/cems-mim\/\" target=\"_blank\" rel=\"noopener\">Master of Science (Marketing Analytics and Insights) with CEMS Master&#8217;s in International Management Double Degree<\/a><\/li>\n<\/ul>\n<p><strong>DDP with Renmin University, China &#8211; School of Business (RBS)<\/strong><\/p>\n<ul>\n<li><u><a href=\"http:\/\/www.nus.edu.sg\/nusbulletin\/school-of-design-and-environment\/graduate-education\/coursework-programmes\/degree-requirements\/the-nus-master-of-science-in-real-estate-mre-renmin-mba-double-degree-programme\/\" target=\"_blank\" rel=\"noopener\">Master of Science (Real Estate) and Renmin MBA Double Degree Programme (Real Estate) and Renmin MBA Double Degree Programme<\/a><\/u><\/li>\n<\/ul>\n<p><strong>DDP with <\/strong><strong>University of Geneva<\/strong><\/p>\n<ul>\n<li><a href=\"https:\/\/law.nus.edu.sg\/student_matters\/grad_prog\/nus_geneva_ddp.html\" target=\"_blank\" rel=\"noopener\">NUS Master of Laws (International Arbitration and Dispute Resolution)-Geneva Master of Laws in International Dispute Settlement (MIDS) Double Degree Programme<\/a> (with the <u>Graduate Institute of International and Development Studies)<\/u><\/li>\n<li><a href=\"http:\/\/lkyspp.nus.edu.sg\/graduate-admissions\/global-experience\" target=\"_blank\" rel=\"noopener\">Master in Public Policy, NUS and International Organisations Master of Business Administration, University of Geneva<\/a><\/li>\n<\/ul>\n<p><strong>DDP with Partners in the Global Public Policy Network (GPPN):<\/strong><\/p>\n<ul>\n<li>Columbia University (CU), School of International and Public Affairs<\/li>\n<li>London School of Economics and Political Science (LSE)<\/li>\n<li>Institut d&#8217;Etudes Politiques de Paris (Sciences Po), School of Public Affairs<\/li>\n<\/ul>\n\n","protected":false},"excerpt":{"rendered":"<p>Double Degree Programmes Within NUS Expand NUS Double Degree Programmes (DDPs) allow students to graduate with two different degrees in two disciplines from the same Faculty\/School or two different Faculties\/Schools within NUS. A Double Degree allows some modules taken to be double counted towards the requirements of both degrees, thus enabling the student to complete [&hellip;]<\/p>\n","protected":false},"author":8,"featured_media":0,"parent":102,"menu_order":0,"comment_status":"closed","ping_status":"closed","template":"","meta":{"_acf_changed":false,"site-sidebar-layout":"no-sidebar","site-content-layout":"page-builder","ast-site-content-layout":"full-width-container","site-content-style":"unboxed","site-sidebar-style":"unboxed","ast-global-header-display":"","ast-banner-title-visibility":"","ast-main-header-display":"","ast-hfb-above-header-display":"","ast-hfb-below-header-display":"","ast-hfb-mobile-header-display":"","site-post-title":"disabled","ast-breadcrumbs-content":"","ast-featured-img":"disabled","footer-sml-layout":"","theme-transparent-header-meta":"default","adv-header-id-meta":"","stick-header-meta":"","header-above-stick-meta":"","header-main-stick-meta":"","header-below-stick-meta":"","astra-migrate-meta-layouts":"set","ast-page-background-enabled":"default","ast-page-background-meta":{"desktop":{"background-color":"","background-image":"","background-repeat":"repeat","background-position":"center center","background-size":"auto","background-attachment":"scroll","background-type":"","background-media":"","overlay-type":"","overlay-color":"","overlay-opacity":"","overlay-gradient":""},"tablet":{"background-color":"","background-image":"","background-repeat":"repeat","background-position":"center center","background-size":"auto","background-attachment":"scroll","background-type":"","background-media":"","overlay-type":"","overlay-color":"","overlay-opacity":"","overlay-gradient":""},"mobile":{"background-color":"","background-image":"","background-repeat":"repeat","background-position":"center center","background-size":"auto","background-attachment":"scroll","background-type":"","background-media":"","overlay-type":"","overlay-color":"","overlay-opacity":"","overlay-gradient":""}},"ast-content-background-meta":{"desktop":{"background-color":"var(--ast-global-color-5)","background-image":"","background-repeat":"repeat","background-position":"center center","background-size":"auto","background-attachment":"scroll","background-type":"","background-media":"","overlay-type":"","overlay-color":"","overlay-opacity":"","overlay-gradient":""},"tablet":{"background-color":"var(--ast-global-color-5)","background-image":"","background-repeat":"repeat","background-position":"center center","background-size":"auto","background-attachment":"scroll","background-type":"","background-media":"","overlay-type":"","overlay-color":"","overlay-opacity":"","overlay-gradient":""},"mobile":{"background-color":"var(--ast-global-color-5)","background-image":"","background-repeat":"repeat","background-position":"center center","background-size":"auto","background-attachment":"scroll","background-type":"","background-media":"","overlay-type":"","overlay-color":"","overlay-opacity":"","overlay-gradient":""}},"footnotes":""},"class_list":["post-781","page","type-page","status-publish","hentry"],"acf":[],"yoast_head":"<!-- This site is optimized with the Yoast SEO plugin v21.1 - https:\/\/yoast.com\/wordpress\/plugins\/seo\/ -->\n<title>Double Degree Programmes - NUS Bulletin AY2020\/21<\/title>\n<meta name=\"robots\" content=\"noindex, follow, max-snippet:-1, max-image-preview:large, max-video-preview:-1\" \/>\n<meta property=\"og:locale\" content=\"en_US\" \/>\n<meta property=\"og:type\" content=\"article\" \/>\n<meta property=\"og:title\" content=\"Double Degree Programmes - NUS Bulletin AY2020\/21\" \/>\n<meta property=\"og:description\" content=\"Double Degree Programmes Within NUS Expand NUS Double Degree Programmes (DDPs) allow students to graduate with two different degrees in two disciplines from the same Faculty\/School or two different Faculties\/Schools within NUS. A Double Degree allows some modules taken to be double counted towards the requirements of both degrees, thus enabling the student to complete [&hellip;]\" \/>\n<meta property=\"og:url\" content=\"https:\/\/www.nus.edu.sg\/nusbulletin\/ay202021\/programmes\/double-degree-programmes\/\" \/>\n<meta property=\"og:site_name\" content=\"NUS Bulletin AY2020\/21\" \/>\n<meta property=\"article:modified_time\" content=\"2025-07-25T07:30:06+00:00\" \/>\n<meta name=\"twitter:card\" content=\"summary_large_image\" \/>\n<meta name=\"twitter:label1\" content=\"Est. reading time\" \/>\n\t<meta name=\"twitter:data1\" content=\"3 minutes\" \/>\n<script type=\"application\/ld+json\" class=\"yoast-schema-graph\">{\"@context\":\"https:\/\/schema.org\",\"@graph\":[{\"@type\":\"WebPage\",\"@id\":\"https:\/\/www.nus.edu.sg\/nusbulletin\/ay202021\/programmes\/double-degree-programmes\/\",\"url\":\"https:\/\/www.nus.edu.sg\/nusbulletin\/ay202021\/programmes\/double-degree-programmes\/\",\"name\":\"Double Degree Programmes - NUS Bulletin AY2020\/21\",\"isPartOf\":{\"@id\":\"https:\/\/www.nus.edu.sg\/nusbulletin\/ay202021\/#website\"},\"datePublished\":\"2021-02-11T02:40:37+00:00\",\"dateModified\":\"2025-07-25T07:30:06+00:00\",\"breadcrumb\":{\"@id\":\"https:\/\/www.nus.edu.sg\/nusbulletin\/ay202021\/programmes\/double-degree-programmes\/#breadcrumb\"},\"inLanguage\":\"en-US\",\"potentialAction\":[{\"@type\":\"ReadAction\",\"target\":[\"https:\/\/www.nus.edu.sg\/nusbulletin\/ay202021\/programmes\/double-degree-programmes\/\"]}]},{\"@type\":\"BreadcrumbList\",\"@id\":\"https:\/\/www.nus.edu.sg\/nusbulletin\/ay202021\/programmes\/double-degree-programmes\/#breadcrumb\",\"itemListElement\":[{\"@type\":\"ListItem\",\"position\":1,\"name\":\"Home\",\"item\":\"https:\/\/www.nus.edu.sg\/nusbulletin\/ay202021\/\"},{\"@type\":\"ListItem\",\"position\":2,\"name\":\"Programmes\",\"item\":\"https:\/\/www.nus.edu.sg\/nusbulletin\/ay202021\/programmes\/\"},{\"@type\":\"ListItem\",\"position\":3,\"name\":\"Double Degree Programmes\"}]},{\"@type\":\"WebSite\",\"@id\":\"https:\/\/www.nus.edu.sg\/nusbulletin\/ay202021\/#website\",\"url\":\"https:\/\/www.nus.edu.sg\/nusbulletin\/ay202021\/\",\"name\":\"NUS Bulletin AY2020\/21\",\"description\":\"AY2020\/21\",\"publisher\":{\"@id\":\"https:\/\/www.nus.edu.sg\/nusbulletin\/ay202021\/#organization\"},\"potentialAction\":[{\"@type\":\"SearchAction\",\"target\":{\"@type\":\"EntryPoint\",\"urlTemplate\":\"https:\/\/www.nus.edu.sg\/nusbulletin\/ay202021\/?s={search_term_string}\"},\"query-input\":\"required name=search_term_string\"}],\"inLanguage\":\"en-US\"},{\"@type\":\"Organization\",\"@id\":\"https:\/\/www.nus.edu.sg\/nusbulletin\/ay202021\/#organization\",\"name\":\"NUS Bulletin AY2020\/21\",\"url\":\"https:\/\/www.nus.edu.sg\/nusbulletin\/ay202021\/\",\"logo\":{\"@type\":\"ImageObject\",\"inLanguage\":\"en-US\",\"@id\":\"https:\/\/www.nus.edu.sg\/nusbulletin\/ay202021\/#\/schema\/logo\/image\/\",\"url\":\"https:\/\/www.nus.edu.sg\/nusbulletin\/ay202021\/wp-content\/uploads\/sites\/3\/2020\/11\/nus_logo_0.jpg\",\"contentUrl\":\"https:\/\/www.nus.edu.sg\/nusbulletin\/ay202021\/wp-content\/uploads\/sites\/3\/2020\/11\/nus_logo_0.jpg\",\"width\":114,\"height\":62,\"caption\":\"NUS Bulletin AY2020\/21\"},\"image\":{\"@id\":\"https:\/\/www.nus.edu.sg\/nusbulletin\/ay202021\/#\/schema\/logo\/image\/\"}}]}<\/script>\n<!-- \/ Yoast SEO plugin. -->","yoast_head_json":{"title":"Double Degree Programmes - NUS Bulletin AY2020\/21","robots":{"index":"noindex","follow":"follow","max-snippet":"max-snippet:-1","max-image-preview":"max-image-preview:large","max-video-preview":"max-video-preview:-1"},"og_locale":"en_US","og_type":"article","og_title":"Double Degree Programmes - NUS Bulletin AY2020\/21","og_description":"Double Degree Programmes Within NUS Expand NUS Double Degree Programmes (DDPs) allow students to graduate with two different degrees in two disciplines from the same Faculty\/School or two different Faculties\/Schools within NUS. A Double Degree allows some modules taken to be double counted towards the requirements of both degrees, thus enabling the student to complete [&hellip;]","og_url":"https:\/\/www.nus.edu.sg\/nusbulletin\/ay202021\/programmes\/double-degree-programmes\/","og_site_name":"NUS Bulletin AY2020\/21","article_modified_time":"2025-07-25T07:30:06+00:00","twitter_card":"summary_large_image","twitter_misc":{"Est. reading time":"3 minutes"},"schema":{"@context":"https:\/\/schema.org","@graph":[{"@type":"WebPage","@id":"https:\/\/www.nus.edu.sg\/nusbulletin\/ay202021\/programmes\/double-degree-programmes\/","url":"https:\/\/www.nus.edu.sg\/nusbulletin\/ay202021\/programmes\/double-degree-programmes\/","name":"Double Degree Programmes - NUS Bulletin AY2020\/21","isPartOf":{"@id":"https:\/\/www.nus.edu.sg\/nusbulletin\/ay202021\/#website"},"datePublished":"2021-02-11T02:40:37+00:00","dateModified":"2025-07-25T07:30:06+00:00","breadcrumb":{"@id":"https:\/\/www.nus.edu.sg\/nusbulletin\/ay202021\/programmes\/double-degree-programmes\/#breadcrumb"},"inLanguage":"en-US","potentialAction":[{"@type":"ReadAction","target":["https:\/\/www.nus.edu.sg\/nusbulletin\/ay202021\/programmes\/double-degree-programmes\/"]}]},{"@type":"BreadcrumbList","@id":"https:\/\/www.nus.edu.sg\/nusbulletin\/ay202021\/programmes\/double-degree-programmes\/#breadcrumb","itemListElement":[{"@type":"ListItem","position":1,"name":"Home","item":"https:\/\/www.nus.edu.sg\/nusbulletin\/ay202021\/"},{"@type":"ListItem","position":2,"name":"Programmes","item":"https:\/\/www.nus.edu.sg\/nusbulletin\/ay202021\/programmes\/"},{"@type":"ListItem","position":3,"name":"Double Degree Programmes"}]},{"@type":"WebSite","@id":"https:\/\/www.nus.edu.sg\/nusbulletin\/ay202021\/#website","url":"https:\/\/www.nus.edu.sg\/nusbulletin\/ay202021\/","name":"NUS Bulletin AY2020\/21","description":"AY2020\/21","publisher":{"@id":"https:\/\/www.nus.edu.sg\/nusbulletin\/ay202021\/#organization"},"potentialAction":[{"@type":"SearchAction","target":{"@type":"EntryPoint","urlTemplate":"https:\/\/www.nus.edu.sg\/nusbulletin\/ay202021\/?s={search_term_string}"},"query-input":"required name=search_term_string"}],"inLanguage":"en-US"},{"@type":"Organization","@id":"https:\/\/www.nus.edu.sg\/nusbulletin\/ay202021\/#organization","name":"NUS Bulletin AY2020\/21","url":"https:\/\/www.nus.edu.sg\/nusbulletin\/ay202021\/","logo":{"@type":"ImageObject","inLanguage":"en-US","@id":"https:\/\/www.nus.edu.sg\/nusbulletin\/ay202021\/#\/schema\/logo\/image\/","url":"https:\/\/www.nus.edu.sg\/nusbulletin\/ay202021\/wp-content\/uploads\/sites\/3\/2020\/11\/nus_logo_0.jpg","contentUrl":"https:\/\/www.nus.edu.sg\/nusbulletin\/ay202021\/wp-content\/uploads\/sites\/3\/2020\/11\/nus_logo_0.jpg","width":114,"height":62,"caption":"NUS Bulletin AY2020\/21"},"image":{"@id":"https:\/\/www.nus.edu.sg\/nusbulletin\/ay202021\/#\/schema\/logo\/image\/"}}]}},"_links":{"self":[{"href":"https:\/\/www.nus.edu.sg\/nusbulletin\/ay202021\/wp-json\/wp\/v2\/pages\/781","targetHints":{"allow":["GET"]}}],"collection":[{"href":"https:\/\/www.nus.edu.sg\/nusbulletin\/ay202021\/wp-json\/wp\/v2\/pages"}],"about":[{"href":"https:\/\/www.nus.edu.sg\/nusbulletin\/ay202021\/wp-json\/wp\/v2\/types\/page"}],"author":[{"embeddable":true,"href":"https:\/\/www.nus.edu.sg\/nusbulletin\/ay202021\/wp-json\/wp\/v2\/users\/8"}],"replies":[{"embeddable":true,"href":"https:\/\/www.nus.edu.sg\/nusbulletin\/ay202021\/wp-json\/wp\/v2\/comments?post=781"}],"version-history":[{"count":11,"href":"https:\/\/www.nus.edu.sg\/nusbulletin\/ay202021\/wp-json\/wp\/v2\/pages\/781\/revisions"}],"predecessor-version":[{"id":3568,"href":"https:\/\/www.nus.edu.sg\/nusbulletin\/ay202021\/wp-json\/wp\/v2\/pages\/781\/revisions\/3568"}],"up":[{"embeddable":true,"href":"https:\/\/www.nus.edu.sg\/nusbulletin\/ay202021\/wp-json\/wp\/v2\/pages\/102"}],"wp:attachment":[{"href":"https:\/\/www.nus.edu.sg\/nusbulletin\/ay202021\/wp-json\/wp\/v2\/media?parent=781"}],"curies":[{"name":"wp","href":"https:\/\/api.w.org\/{rel}","templated":true}]}}