
{"id":1514,"date":"2019-07-05T02:15:54","date_gmt":"2019-07-05T02:15:54","guid":{"rendered":"https:\/\/www.lsi.nus.edu.sg\/corp\/?page_id=1514"},"modified":"2025-07-14T10:33:03","modified_gmt":"2025-07-14T02:33:03","slug":"prof-markus-r-wenk","status":"publish","type":"page","link":"https:\/\/www.nus.edu.sg\/lsi\/principal-investigators-4\/prof-markus-r-wenk\/","title":{"rendered":"Prof Markus R Wenk"},"content":{"rendered":"<p><img decoding=\"async\" class=\"wp-image-385 size-full alignleft\" style=\"float: left; margin-right: 15px; max-width: 150px;\" src=\"https:\/\/www.nus.edu.sg\/lsi\/wp-content\/themes\/nus\/data1\/images\/markuswenk.jpg\" alt=\"\"><strong>Markus R Wenk<\/strong><br \/>\nVisiting Professor<br \/>\nEmail: <a href=\"mailto:bchmrw@nus.edu.sg \"><strong>bchmrw@nus.edu.sg<\/strong><\/a><\/p>\n<h3>\n<strong>What are your present research interests?<\/strong><\/h3>\n<p>Human health and disease are based on many critical biochemical reactions in the body that go far beyond what can be explained by genetic background and genetic variation. These biochemical components\u2014nucleic acids (DNA, RNA), proteins, carbohydrates, metabolites and lipids\u2014and their natural variations are often poorly characterized in human populations.<\/p>\n<h3>\n<strong>Do you have a distinctive viewpoint to your research?<\/strong><\/h3>\n<p>SLING harbours considerable domain knowledge in lipid biochemistry and analytics. We capitalize on this core strength and believe that better analytics will inevitably offer new opportunities. The most exciting advances occur at interfaces of different disciplines. We therefore seek true interdisciplinary collaboration to build the community and to advance knowledge in lipid biology.<\/p>\n<h3>\n<strong>What do you see as your future research directions?<\/strong><\/h3>\n<p>To further advance development and application of lipidomic technologies in research and development, the \u2018engine\u2019, and to now start translation of such technologies into true applications outside the laboratory.<\/p>\n<h3><strong>Does your laboratory have a particularly strong research expertise?<\/strong><\/h3>\n<p>Mass spectrometry-based lipidomics and a well advanced model for engagement with collaborative parties.<\/p>\n<h3><strong>Recent Publications<\/strong><\/h3>\n<p>1.\tLim YP, Go MK, Raida M, Inoue T, Wenk MR, Keasling JD, Chang MW, Yew WS. Synthetic Enzymology and the Fountain of Youth: Repurposing Biology for Longevity. ACS Omega. 2018; 3(9):11050-11061.<br \/>\n2.\tBurla B, Arita M, Arita M, Bendt AK, Cazenave-Gassiot A, Dennis EA, Ekroos K, Han X, Ikeda K, Liebisch G, Lin MK, Loh TP, Meikle PJ, Ore\u0161i\u010d M, Quehenberger O, Shevchenko A, Torta F, Wakelam MJO, Wheelock CE, Wenk MR. MS-based lipidomics of human blood plasma: a community-initiated position paper to develop accepted guidelines. J Lipid Res. 2018; 59(10):2001-2017.<br \/>\n3.\tBowden JA, Heckert A, Ulmer CZ, Jones CM, Koelmel JP, Abdullah L, Ahonen L, Alnouti Y, Armando AM, Asara JM, Bamba T, Barr JR, Bergquist J, Borchers CH, Brandsma J, Breitkopf SB, Cajka T, Cazenave-Gassiot A, Checa A, Cinel MA, Colas<br \/>\nRA, Cremers S, Dennis EA, Evans JE, Fauland A, Fiehn O, Gardner MS, Garrett TJ, Gotlinger KH, Han J, Huang Y, Neo AH, Hy\u00f6tyl\u00e4inen T, Izumi Y, Jiang H, Jiang H, Jiang J, Kachman M, Kiyonami R, Klavins K, Klose C, K\u00f6feler HC, Kolmert J, Koal<br \/>\nT, Koster G, Kuklenyik Z, Kurland IJ, Leadley M, Lin K, Maddipati KR, McDougall D, Meikle PJ, Mellett NA, Monnin C, Moseley MA, Nandakumar R, Oresic M, Patterson R, Peake D, Pierce JS, Post M, Postle AD, Pugh R, Qiu Y, Quehenberger O, Ramrup<br \/>\nP, Rees J, Rembiesa B, Reynaud D, Roth MR, Sales S, Schuhmann K, Schwartzman ML, Serhan CN, Shevchenko A, Somerville SE, St John-Williams L, Surma MA, Takeda H, Thakare R, Thompson JW, Torta F, Triebl A, Tr\u00f6tzm\u00fcller M, Ubhayasekera SJK,<br \/>\nVuckovic D, Weir JM, Welti R, Wenk MR, Wheelock CE, Yao L, Yuan M, Zhao XH, Zhou S. Harmonizing lipidomics: NIST interlaboratory comparison exercise for lipidomics using SRM 1950-Metabolites in Frozen Human Plasma. J Lipid Res. 2017; 58(12):2275-2288.<br \/>\n4.\tSaw WY, Tantoso E, Begum H, Zhou L, Zou R, He C, Chan SL, Tan LW, Wong LP, Xu W, Moong DKN, Lim Y, Li B, Pillai NE, Peterson TA, Bielawny T, Meikle PJ, Mundra PA, Lim WY, Luo M, Chia KS, Ong RT, Brunham LR, Khor CC, Too HP, Soong R, Wenk MR, Little P, Teo YY. Establishing multiple omics baselines for three Southeast Asian populations in the Singapore Integrative Omics Study. Nat Commun. 2017;8(1):653. doi: 10.1038\/s41467-017-00413-x.<\/p>\n","protected":false},"excerpt":{"rendered":"<p>Markus R Wenk Visiting Professor Email: bchmrw@nus.edu.sg What are your present research interests? Human health and disease are based on many critical biochemical reactions in the body that go far beyond what can be explained by genetic background and genetic variation. These biochemical components\u2014nucleic acids (DNA, RNA), proteins, carbohydrates, metabolites and lipids\u2014and their natural variations<a class=\"read-more\" href=\"https:\/\/www.nus.edu.sg\/lsi\/principal-investigators-4\/prof-markus-r-wenk\/\">Read More<\/a><\/p>\n","protected":false},"author":3,"featured_media":0,"parent":655,"menu_order":0,"comment_status":"closed","ping_status":"closed","template":"custompagewithmenu.php","meta":{"footnotes":""},"tags":[60],"class_list":["post-1514","page","type-page","status-publish","hentry","tag-mm-pi-sling"],"_links":{"self":[{"href":"https:\/\/www.nus.edu.sg\/lsi\/wp-json\/wp\/v2\/pages\/1514"}],"collection":[{"href":"https:\/\/www.nus.edu.sg\/lsi\/wp-json\/wp\/v2\/pages"}],"about":[{"href":"https:\/\/www.nus.edu.sg\/lsi\/wp-json\/wp\/v2\/types\/page"}],"author":[{"embeddable":true,"href":"https:\/\/www.nus.edu.sg\/lsi\/wp-json\/wp\/v2\/users\/3"}],"replies":[{"embeddable":true,"href":"https:\/\/www.nus.edu.sg\/lsi\/wp-json\/wp\/v2\/comments?post=1514"}],"version-history":[{"count":3,"href":"https:\/\/www.nus.edu.sg\/lsi\/wp-json\/wp\/v2\/pages\/1514\/revisions"}],"predecessor-version":[{"id":2385,"href":"https:\/\/www.nus.edu.sg\/lsi\/wp-json\/wp\/v2\/pages\/1514\/revisions\/2385"}],"up":[{"embeddable":true,"href":"https:\/\/www.nus.edu.sg\/lsi\/wp-json\/wp\/v2\/pages\/655"}],"wp:attachment":[{"href":"https:\/\/www.nus.edu.sg\/lsi\/wp-json\/wp\/v2\/media?parent=1514"}],"wp:term":[{"taxonomy":"post_tag","embeddable":true,"href":"https:\/\/www.nus.edu.sg\/lsi\/wp-json\/wp\/v2\/tags?post=1514"}],"curies":[{"name":"wp","href":"https:\/\/api.w.org\/{rel}","templated":true}]}}